{"id":24653,"date":"2023-04-13T10:08:00","date_gmt":"2023-04-13T10:08:00","guid":{"rendered":"https:\/\/www.eticaretinfo.click\/?page_id=24653"},"modified":"2024-01-15T20:57:54","modified_gmt":"2024-01-15T20:57:54","slug":"hakkimizda","status":"publish","type":"page","link":"https:\/\/technicalcover.com\/?page_id=24653","title":{"rendered":"Hakk\u0131m\u0131zda"},"content":{"rendered":"\t\t<div data-elementor-type=\"wp-page\" data-elementor-id=\"24653\" class=\"elementor elementor-24653\">\n\t\t\t\t\t\t<section class=\"elementor-section elementor-top-section elementor-element elementor-element-e15dc9f elementor-section-boxed elementor-section-height-default elementor-section-height-default\" data-id=\"e15dc9f\" data-element_type=\"section\">\n\t\t\t\t\t\t<div class=\"elementor-container elementor-column-gap-no\">\n\t\t\t\t\t<div class=\"elementor-column elementor-col-50 elementor-top-column elementor-element elementor-element-7bbdb9b\" data-id=\"7bbdb9b\" data-element_type=\"column\">\n\t\t\t<div class=\"elementor-widget-wrap elementor-element-populated\">\n\t\t\t\t\t\t<div class=\"elementor-element elementor-element-1e800cc elementor-widget elementor-widget-heading\" data-id=\"1e800cc\" data-element_type=\"widget\" data-widget_type=\"heading.default\">\n\t\t\t\t<div class=\"elementor-widget-container\">\n\t\t\t\t\t<h2 class=\"elementor-heading-title elementor-size-default\">Hakk\u0131m\u0131zda<\/h2>\t\t\t\t<\/div>\n\t\t\t\t<\/div>\n\t\t\t\t<div class=\"elementor-element elementor-element-fec559c elementor-widget elementor-widget-text-editor\" data-id=\"fec559c\" data-element_type=\"widget\" data-widget_type=\"text-editor.default\">\n\t\t\t\t<div class=\"elementor-widget-container\">\n\t\t\t\t\t\t\t\t\t<p>Kisbu, 1978 y\u0131l\u0131nda Nedim K\u0130SBU taraf\u0131ndan temelleri at\u0131lan i\u015ftirak \u015firketimizdir.<\/p>\n<p>Kisbu Group; profesyonel i\u015f anlay\u0131\u015f\u0131, gen\u00e7 ve dinamik kadrosu, insan kayna\u011f\u0131na verdi\u011fi de\u011fer ve hedefleri do\u011frultusunda ilerleyen yap\u0131s\u0131 ile d\u00fcnya \u00e7ap\u0131nda yapt\u0131\u011f\u0131 \u00e7al\u0131\u015fmalarla bir\u00e7ok platformda zirvede yer almaktad\u0131r.<\/p>\n<p>Kisbu Group\u2019un i\u015ftirak \u015firketi olan Basal, yap\u0131 ve yal\u0131t\u0131m sekt\u00f6r\u00fcnde uzmanla\u015fm\u0131\u015f bir i\u015ftirak olarak \u00f6ne \u00e7\u0131kmaktad\u0131r. \u015eirket, geni\u015f bir bilgi birikimi ve k\u00f6kl\u00fc tecr\u00fcbesi ile Is\u0131, Su, Ses ve Yang\u0131n yal\u0131t\u0131m\u0131 malzemeleri ile yap\u0131 kimyasallar\u0131 konular\u0131nda sat\u0131\u015f ve taahh\u00fct hizmetleri sunmaktad\u0131r. Kuruldu\u011fu g\u00fcnden bug\u00fcne kadar m\u00fc\u015fteri memnuniyetini en \u00f6n planda tutmay\u0131 ana prensip edinen firmam\u0131z bu prensip do\u011frultusunda malzeme teslimlerini zaman\u0131nda ve taahh\u00fctlerini de teknik \u015fartnamelere uygun yerine getirerek faaliyetlerini s\u00fcrd\u00fcrmektedir.<\/p>\n<p>Firmam\u0131z kadrosunda bulunan mimar, m\u00fchendis ve sat\u0131\u015f personeliyle projelerinizdeki t\u00fcm yal\u0131t\u0131m i\u015flerinde teknik hizmet vermekte, ayr\u0131ca kendi b\u00fcnyesindeki e\u011fitim sertifikal\u0131 ve tecr\u00fcbeli ekiplerle taahh\u00fctlerini ger\u00e7ekle\u015ftirmektedir.<\/p>\t\t\t\t\t\t\t\t<\/div>\n\t\t\t\t<\/div>\n\t\t\t\t\t<\/div>\n\t\t<\/div>\n\t\t\t\t<div class=\"elementor-column elementor-col-50 elementor-top-column elementor-element elementor-element-47b1cc2\" data-id=\"47b1cc2\" data-element_type=\"column\">\n\t\t\t<div class=\"elementor-widget-wrap elementor-element-populated\">\n\t\t\t\t\t\t<div class=\"elementor-element elementor-element-8312ec6 elementor-widget elementor-widget-image\" data-id=\"8312ec6\" data-element_type=\"widget\" data-widget_type=\"image.default\">\n\t\t\t\t<div class=\"elementor-widget-container\">\n\t\t\t\t\t\t\t\t\t\t\t\t\t\t\t<img fetchpriority=\"high\" decoding=\"async\" width=\"640\" height=\"638\" src=\"https:\/\/technicalcover.com\/wp-content\/uploads\/2023\/04\/technicalcover-hakkimizda.jpg\" class=\"attachment-large size-large wp-image-25106\" alt=\"\" srcset=\"https:\/\/technicalcover.com\/wp-content\/uploads\/2023\/04\/technicalcover-hakkimizda.jpg 768w, https:\/\/technicalcover.com\/wp-content\/uploads\/2023\/04\/technicalcover-hakkimizda-300x300.jpg 300w, https:\/\/technicalcover.com\/wp-content\/uploads\/2023\/04\/technicalcover-hakkimizda-150x150.jpg 150w, https:\/\/technicalcover.com\/wp-content\/uploads\/2023\/04\/technicalcover-hakkimizda-600x598.jpg 600w, https:\/\/technicalcover.com\/wp-content\/uploads\/2023\/04\/technicalcover-hakkimizda-100x100.jpg 100w\" sizes=\"(max-width: 640px) 100vw, 640px\" \/>\t\t\t\t\t\t\t\t\t\t\t\t\t\t\t<\/div>\n\t\t\t\t<\/div>\n\t\t\t\t\t<\/div>\n\t\t<\/div>\n\t\t\t\t\t<\/div>\n\t\t<\/section>\n\t\t\t\t<section class=\"elementor-section elementor-top-section elementor-element elementor-element-aacee15 elementor-section-boxed elementor-section-height-default elementor-section-height-default\" data-id=\"aacee15\" data-element_type=\"section\">\n\t\t\t\t\t\t<div class=\"elementor-container elementor-column-gap-no\">\n\t\t\t\t\t<div class=\"elementor-column elementor-col-50 elementor-top-column elementor-element elementor-element-9ff11c5\" data-id=\"9ff11c5\" data-element_type=\"column\">\n\t\t\t<div class=\"elementor-widget-wrap elementor-element-populated\">\n\t\t\t\t\t\t<div class=\"elementor-element elementor-element-b0abb4d elementor-widget elementor-widget-image\" data-id=\"b0abb4d\" data-element_type=\"widget\" data-widget_type=\"image.default\">\n\t\t\t\t<div class=\"elementor-widget-container\">\n\t\t\t\t\t\t\t\t\t\t\t\t\t\t\t<img decoding=\"async\" src=\"https:\/\/technicalcover.com\/wp-content\/uploads\/elementor\/thumbs\/technicalcover-uzman-ekip-1-q501zoqsy9cz04822mz2pgtb6yfkg514ss5tun1m20.png\" title=\"technicalcover-uzman-ekip\" alt=\"technicalcover-uzman-ekip\" loading=\"lazy\" \/>\t\t\t\t\t\t\t\t\t\t\t\t\t\t\t<\/div>\n\t\t\t\t<\/div>\n\t\t\t\t<div class=\"elementor-element elementor-element-de393cc elementor-widget elementor-widget-heading\" data-id=\"de393cc\" data-element_type=\"widget\" data-widget_type=\"heading.default\">\n\t\t\t\t<div class=\"elementor-widget-container\">\n\t\t\t\t\t<h2 class=\"elementor-heading-title elementor-size-default\">Uzman Ekip<\/h2>\t\t\t\t<\/div>\n\t\t\t\t<\/div>\n\t\t\t\t<div class=\"elementor-element elementor-element-7b1246d elementor-widget elementor-widget-text-editor\" data-id=\"7b1246d\" data-element_type=\"widget\" data-widget_type=\"text-editor.default\">\n\t\t\t\t<div class=\"elementor-widget-container\">\n\t\t\t\t\t\t\t\t\t<p>M\u00fc\u015fteri memnuniyeti bizim i\u00e7in en \u00f6nemli \u00f6nceliktir ve bu nedenle uzman ekibimiz, m\u00fc\u015fterilerimizin ihtiya\u00e7lar\u0131na ve taleplerine \u00f6zel \u00e7\u00f6z\u00fcmler sunmak i\u00e7in \u00f6zelle\u015ftirilebilir. Her proje i\u00e7in, ekibimiz en iyi yakla\u015f\u0131m\u0131 belirlemek i\u00e7in m\u00fc\u015fterilerimizle yak\u0131n bir i\u015fbirli\u011fi i\u00e7inde \u00e7al\u0131\u015f\u0131r.<\/p>\t\t\t\t\t\t\t\t<\/div>\n\t\t\t\t<\/div>\n\t\t\t\t\t<\/div>\n\t\t<\/div>\n\t\t\t\t<div class=\"elementor-column elementor-col-50 elementor-top-column elementor-element elementor-element-d36f73a\" data-id=\"d36f73a\" data-element_type=\"column\">\n\t\t\t<div class=\"elementor-widget-wrap elementor-element-populated\">\n\t\t\t\t\t\t<div class=\"elementor-element elementor-element-7f5fc6f elementor-widget elementor-widget-image\" data-id=\"7f5fc6f\" data-element_type=\"widget\" data-widget_type=\"image.default\">\n\t\t\t\t<div class=\"elementor-widget-container\">\n\t\t\t\t\t\t\t\t\t\t\t\t\t\t\t<img decoding=\"async\" src=\"https:\/\/technicalcover.com\/wp-content\/uploads\/elementor\/thumbs\/technical-cover-musteri-memnuniyeti-1-q501zy56ulpu87uejr1ceefx4t58l42g62oonenobs.png\" title=\"technical-cover-musteri-memnuniyeti\" alt=\"technical-cover-musteri-memnuniyeti\" loading=\"lazy\" \/>\t\t\t\t\t\t\t\t\t\t\t\t\t\t\t<\/div>\n\t\t\t\t<\/div>\n\t\t\t\t<div class=\"elementor-element elementor-element-665c31b elementor-widget elementor-widget-heading\" data-id=\"665c31b\" data-element_type=\"widget\" data-widget_type=\"heading.default\">\n\t\t\t\t<div class=\"elementor-widget-container\">\n\t\t\t\t\t<h2 class=\"elementor-heading-title elementor-size-default\">M\u00fc\u015fteri Memnuniyeti<\/h2>\t\t\t\t<\/div>\n\t\t\t\t<\/div>\n\t\t\t\t<div class=\"elementor-element elementor-element-45d3dfe elementor-widget elementor-widget-text-editor\" data-id=\"45d3dfe\" data-element_type=\"widget\" data-widget_type=\"text-editor.default\">\n\t\t\t\t<div class=\"elementor-widget-container\">\n\t\t\t\t\t\t\t\t\t<p>M\u00fc\u015fterilerimizin bizimle i\u015f yapmaktan memnun kalmalar\u0131, uzun vadeli ba\u015far\u0131m\u0131z\u0131n anahtar\u0131d\u0131r. M\u00fc\u015fteri memnuniyetini sa\u011flamak i\u00e7in, m\u00fc\u015fterilerimizin beklentilerini anlamaya, do\u011fru \u00e7\u00f6z\u00fcmler sunmaya ve onlar\u0131n geri bildirimlerine de\u011fer vermeye \u00f6nem veriyoruz.<\/p>\t\t\t\t\t\t\t\t<\/div>\n\t\t\t\t<\/div>\n\t\t\t\t\t<\/div>\n\t\t<\/div>\n\t\t\t\t\t<\/div>\n\t\t<\/section>\n\t\t\t\t<section class=\"elementor-section elementor-top-section elementor-element elementor-element-681518b elementor-section-boxed elementor-section-height-default elementor-section-height-default\" data-id=\"681518b\" data-element_type=\"section\" data-settings=\"{&quot;background_background&quot;:&quot;classic&quot;}\">\n\t\t\t\t\t\t<div class=\"elementor-container elementor-column-gap-no\">\n\t\t\t\t\t<div class=\"elementor-column elementor-col-100 elementor-top-column elementor-element elementor-element-74332aa\" data-id=\"74332aa\" data-element_type=\"column\">\n\t\t\t<div class=\"elementor-widget-wrap elementor-element-populated\">\n\t\t\t\t\t\t<div class=\"elementor-element elementor-element-c4a72cf elementor-widget__width-initial elementor-widget elementor-widget-heading\" data-id=\"c4a72cf\" data-element_type=\"widget\" data-widget_type=\"heading.default\">\n\t\t\t\t<div class=\"elementor-widget-container\">\n\t\t\t\t\t<h2 class=\"elementor-heading-title elementor-size-default\">Vizyon &amp; Misyon<\/h2>\t\t\t\t<\/div>\n\t\t\t\t<\/div>\n\t\t\t\t<div class=\"elementor-element elementor-element-5e7b04c elementor-widget elementor-widget-text-editor\" data-id=\"5e7b04c\" data-element_type=\"widget\" data-widget_type=\"text-editor.default\">\n\t\t\t\t<div class=\"elementor-widget-container\">\n\t\t\t\t\t\t\t\t\t<p>TECHNICALCOVER vizyonu do\u011frultusunda, geli\u015fen ve g\u00fcncel yenilikleri kullanarak, m\u00fc\u015fteri beklentilerini kar\u015f\u0131layan, kolay sat\u0131n al\u0131nabilir ve kullan\u0131labilir, kaliteli \u00fcr\u00fcnleri geli\u015ftirmekte, \u00fcretmekte ve sat\u0131\u015f sonras\u0131 hizmet vermektedir. S\u00fcrekli iyile\u015ftirme yakla\u015f\u0131m\u0131 do\u011frultusunda t\u00fcm s\u00fcre\u00e7lerimizdeki verimlili\u011fin uluslararas\u0131 d\u00fczeyde rekabet edebilecek seviyeye y\u00fckseltilmesi hedefimizdir. Yenilik\u00e7i ve yarat\u0131c\u0131 bir yakla\u015f\u0131m ile her ge\u00e7en g\u00fcn hedeflerine ula\u015fm\u0131\u015ft\u0131r. Gerekli b\u00fct\u00fcn kalite belgelerine sahip ve gere\u011fini yerine getirmektedir.<br \/><br \/>TECHNICALCOVER\u2019\u0131n misyonu, 21.y\u00fczy\u0131lda d\u00fcnyaya a\u00e7\u0131lan, alan\u0131nda marka olmay\u0131 kendine hedef se\u00e7en bir T\u00fcrk \u015firketi olarak \u00fclkemizin ve d\u00fcnyam\u0131z\u0131n s\u00fcrd\u00fcrebilir geli\u015fmesine ve ya\u015fam kalitesine katk\u0131da bulunmak \u00fczere; \u00fcretimini ve ihracat\u0131n\u0131 ger\u00e7ekle\u015ftirdi\u011fimiz \u00fcr\u00fcnlerin kullan\u0131m\u0131n\u0131 yayg\u0131nla\u015ft\u0131rmaktad\u0131r.<\/p>\t\t\t\t\t\t\t\t<\/div>\n\t\t\t\t<\/div>\n\t\t\t\t\t<\/div>\n\t\t<\/div>\n\t\t\t\t\t<\/div>\n\t\t<\/section>\n\t\t\t\t<section class=\"elementor-section elementor-top-section elementor-element elementor-element-18f5024 elementor-section-boxed elementor-section-height-default elementor-section-height-default\" data-id=\"18f5024\" data-element_type=\"section\" data-settings=\"{&quot;background_background&quot;:&quot;classic&quot;}\">\n\t\t\t\t\t\t<div class=\"elementor-container elementor-column-gap-no\">\n\t\t\t\t\t<div class=\"elementor-column elementor-col-100 elementor-top-column elementor-element elementor-element-a3c23c0\" data-id=\"a3c23c0\" data-element_type=\"column\">\n\t\t\t<div class=\"elementor-widget-wrap elementor-element-populated\">\n\t\t\t\t\t\t<section class=\"dl-paralax-section elementor-section elementor-inner-section elementor-element elementor-element-57a7b34 elementor-section-full_width elementor-section-height-default elementor-section-height-default\" data-dl_parallax=\"[{&quot;image&quot;:null,&quot;dl_item_width&quot;:&quot;initial&quot;,&quot;dl_item_position&quot;:&quot;yes&quot;,&quot;dl_offset_orientation_h&quot;:&quot;end&quot;,&quot;dl_offset_x_end&quot;:{&quot;unit&quot;:&quot;px&quot;,&quot;size&quot;:-30,&quot;sizes&quot;:[]},&quot;dl_offset_orientation_v&quot;:&quot;end&quot;,&quot;dl_offset_y_end&quot;:{&quot;unit&quot;:&quot;px&quot;,&quot;size&quot;:-133,&quot;sizes&quot;:[]},&quot;dl_zindex&quot;:1,&quot;dl_parallax_data_popup&quot;:&quot;yes&quot;,&quot;dl_translate_y_axix&quot;:50,&quot;dl_item_depth&quot;:0.6,&quot;_id&quot;:&quot;1602803&quot;,&quot;dl_width_custom_width_mobile&quot;:{&quot;unit&quot;:&quot;px&quot;,&quot;size&quot;:223,&quot;sizes&quot;:[]},&quot;dl_offset_y_end_mobile&quot;:{&quot;unit&quot;:&quot;px&quot;,&quot;size&quot;:-84,&quot;sizes&quot;:[]},&quot;dl_item_width_tablet&quot;:&quot;&quot;,&quot;dl_item_width_mobile&quot;:&quot;&quot;,&quot;dl_translate_x_axix&quot;:0,&quot;dl_rotate_x_axix&quot;:&quot;&quot;,&quot;dl_rotate_y_axix&quot;:&quot;&quot;,&quot;dl_rotate_z_axix&quot;:&quot;&quot;,&quot;dl_scale_x_axix&quot;:&quot;&quot;,&quot;dl_scale_y_axix&quot;:&quot;&quot;,&quot;dl_scale_z_axix&quot;:&quot;&quot;,&quot;dl_wow_enable&quot;:&quot;&quot;,&quot;dl_animation&quot;:null,&quot;dl_animation_duration&quot;:null,&quot;dl_animation_delay&quot;:null,&quot;dl_hide_tablet&quot;:&quot;&quot;,&quot;dl_hide_mobile&quot;:&quot;&quot;}]\" data-dl_move=\"{&quot;dl_parallaxmove_enable&quot;:&quot;no&quot;,&quot;dl_scalar_x_axix&quot;:null,&quot;dl_scalar_y_axix&quot;:null}\" data-id=\"57a7b34\" data-element_type=\"section\" data-settings=\"{&quot;dl_parallax_repeater_data&quot;:[{&quot;image&quot;:null,&quot;dl_item_width&quot;:&quot;initial&quot;,&quot;dl_item_position&quot;:&quot;yes&quot;,&quot;dl_offset_orientation_h&quot;:&quot;end&quot;,&quot;dl_offset_x_end&quot;:{&quot;unit&quot;:&quot;px&quot;,&quot;size&quot;:-30,&quot;sizes&quot;:[]},&quot;dl_offset_orientation_v&quot;:&quot;end&quot;,&quot;dl_offset_y_end&quot;:{&quot;unit&quot;:&quot;px&quot;,&quot;size&quot;:-133,&quot;sizes&quot;:[]},&quot;dl_zindex&quot;:1,&quot;dl_parallax_data_popup&quot;:&quot;yes&quot;,&quot;dl_translate_y_axix&quot;:50,&quot;dl_item_depth&quot;:0.6,&quot;_id&quot;:&quot;1602803&quot;,&quot;dl_width_custom_width_mobile&quot;:{&quot;unit&quot;:&quot;px&quot;,&quot;size&quot;:223,&quot;sizes&quot;:[]},&quot;dl_offset_y_end_mobile&quot;:{&quot;unit&quot;:&quot;px&quot;,&quot;size&quot;:-84,&quot;sizes&quot;:[]},&quot;dl_item_width_tablet&quot;:&quot;&quot;,&quot;dl_item_width_mobile&quot;:&quot;&quot;,&quot;dl_translate_x_axix&quot;:0,&quot;dl_rotate_x_axix&quot;:&quot;&quot;,&quot;dl_rotate_y_axix&quot;:&quot;&quot;,&quot;dl_rotate_z_axix&quot;:&quot;&quot;,&quot;dl_scale_x_axix&quot;:&quot;&quot;,&quot;dl_scale_y_axix&quot;:&quot;&quot;,&quot;dl_scale_z_axix&quot;:&quot;&quot;,&quot;dl_wow_enable&quot;:&quot;&quot;,&quot;dl_animation&quot;:null,&quot;dl_animation_duration&quot;:null,&quot;dl_animation_delay&quot;:null,&quot;dl_hide_tablet&quot;:&quot;&quot;,&quot;dl_hide_mobile&quot;:&quot;&quot;}]}\">\n\t\t\t\t\t\t<div class=\"elementor-container elementor-column-gap-no\">\n\t\t\t\t\t<div class=\"elementor-column elementor-col-50 elementor-inner-column elementor-element elementor-element-dda91a1\" data-id=\"dda91a1\" data-element_type=\"column\">\n\t\t\t<div class=\"elementor-widget-wrap elementor-element-populated\">\n\t\t\t\t\t\t<div class=\"elementor-element elementor-element-0738eb1 elementor-widget-mobile__width-initial elementor-widget elementor-widget-heading\" data-id=\"0738eb1\" data-element_type=\"widget\" data-widget_type=\"heading.default\">\n\t\t\t\t<div class=\"elementor-widget-container\">\n\t\t\t\t\t<h2 class=\"elementor-heading-title elementor-size-default\">Kalite<\/h2>\t\t\t\t<\/div>\n\t\t\t\t<\/div>\n\t\t\t\t<div class=\"elementor-element elementor-element-28b8a1e elementor-widget-mobile__width-initial elementor-widget elementor-widget-text-editor\" data-id=\"28b8a1e\" data-element_type=\"widget\" data-widget_type=\"text-editor.default\">\n\t\t\t\t<div class=\"elementor-widget-container\">\n\t\t\t\t\t\t\t\t\t<p>TECHNICALCOVER edindi\u011fi tecr\u00fcbe ve bilgi birikimini k\u00fcresel, \u00e7a\u011fda\u015f ve yenilik\u00e7ilik anlay\u0131\u015f\u0131 \u00f6n plana \u00e7\u0131karmaktad\u0131r. Bilimin ve bilginin evrenselli\u011fini temel alarak \u00fcretmeyi ve ortaya \u00e7\u0131kan \u00fcr\u00fcn\u00fc payla\u015fmay\u0131 bir arada de\u011ferlendiren bu hizmet anlay\u0131\u015f\u0131yla hareket etmektedir.<\/p><p>Tam donan\u0131ml\u0131 \u00fcretim tesisiyle yerli, yabanc\u0131 \u00fcretici ve ihracat\u00e7\u0131 firmalara pazarlar\u0131nda daha iyi rekabet edebilmeleri i\u00e7in d\u00fcnya standartlar\u0131nda daha d\u00fc\u015f\u00fck maliyetle \u00fcr\u00fcn tedari\u011fi sa\u011flamak amac\u0131yla \u00fcretimini ger\u00e7ekle\u015ftirmektedir.<\/p><p>TECHNICALCOVER olarak m\u00fc\u015fterilerimizin pazarda daha iyi rekabet etmeleri i\u00e7in yenilikleri s\u00fcrekli takip etmekteyiz. M\u00fc\u015fterilerimize daha uygun maliyette \u00fcr\u00fcn tedari\u011fi ve global pazarda nas\u0131l rekabet edebilecekleri konusunda bilgiler sunarak onlara gerekli teknik deste\u011fi sa\u011flamaktay\u0131z.<\/p>\t\t\t\t\t\t\t\t<\/div>\n\t\t\t\t<\/div>\n\t\t\t\t\t<\/div>\n\t\t<\/div>\n\t\t\t\t<div class=\"elementor-column elementor-col-50 elementor-inner-column elementor-element elementor-element-77847a3\" data-id=\"77847a3\" data-element_type=\"column\">\n\t\t\t<div class=\"elementor-widget-wrap elementor-element-populated\">\n\t\t\t\t\t\t<div class=\"elementor-element elementor-element-3cd9581 elementor-widget elementor-widget-image\" data-id=\"3cd9581\" data-element_type=\"widget\" data-widget_type=\"image.default\">\n\t\t\t\t<div class=\"elementor-widget-container\">\n\t\t\t\t\t\t\t\t\t\t\t\t\t\t\t<img decoding=\"async\" width=\"640\" height=\"638\" src=\"https:\/\/technicalcover.com\/wp-content\/uploads\/2023\/04\/technicalcover-kalite.jpg\" class=\"attachment-large size-large wp-image-24992\" alt=\"\" srcset=\"https:\/\/technicalcover.com\/wp-content\/uploads\/2023\/04\/technicalcover-kalite.jpg 768w, https:\/\/technicalcover.com\/wp-content\/uploads\/2023\/04\/technicalcover-kalite-300x300.jpg 300w, https:\/\/technicalcover.com\/wp-content\/uploads\/2023\/04\/technicalcover-kalite-150x150.jpg 150w, https:\/\/technicalcover.com\/wp-content\/uploads\/2023\/04\/technicalcover-kalite-600x598.jpg 600w, https:\/\/technicalcover.com\/wp-content\/uploads\/2023\/04\/technicalcover-kalite-100x100.jpg 100w\" sizes=\"(max-width: 640px) 100vw, 640px\" \/>\t\t\t\t\t\t\t\t\t\t\t\t\t\t\t<\/div>\n\t\t\t\t<\/div>\n\t\t\t\t\t<\/div>\n\t\t<\/div>\n\t\t\t\t\t<\/div>\n\t\t<\/section>\n\t\t\t\t\t<\/div>\n\t\t<\/div>\n\t\t\t\t\t<\/div>\n\t\t<\/section>\n\t\t\t\t<\/div>\n\t\t","protected":false},"excerpt":{"rendered":"<p>Hakk\u0131m\u0131zda Kisbu, 1978 y\u0131l\u0131nda Nedim K\u0130SBU taraf\u0131ndan temelleri at\u0131lan i\u015ftirak \u015firketimizdir. Kisbu Group; profesyonel i\u015f anlay\u0131\u015f\u0131, gen\u00e7 ve dinamik kadrosu, insan kayna\u011f\u0131na verdi\u011fi de\u011fer ve hedefleri do\u011frultusunda ilerleyen yap\u0131s\u0131 ile d\u00fcnya \u00e7ap\u0131nda yapt\u0131\u011f\u0131 \u00e7al\u0131\u015fmalarla bir\u00e7ok platformda zirvede yer almaktad\u0131r. Kisbu Group\u2019un i\u015ftirak \u015firketi olan Basal, yap\u0131 ve yal\u0131t\u0131m sekt\u00f6r\u00fcnde uzmanla\u015fm\u0131\u015f bir i\u015ftirak olarak \u00f6ne \u00e7\u0131kmaktad\u0131r. &#8230;<\/p>\n","protected":false},"author":1,"featured_media":0,"parent":0,"menu_order":0,"comment_status":"closed","ping_status":"closed","template":"elementor_header_footer","meta":{"_acf_changed":false,"_monsterinsights_skip_tracking":false,"_monsterinsights_sitenote_active":false,"_monsterinsights_sitenote_note":"","_monsterinsights_sitenote_category":0,"footnotes":""},"class_list":["post-24653","page","type-page","status-publish","hentry"],"acf":[],"aioseo_notices":[],"_links":{"self":[{"href":"https:\/\/technicalcover.com\/index.php?rest_route=\/wp\/v2\/pages\/24653","targetHints":{"allow":["GET"]}}],"collection":[{"href":"https:\/\/technicalcover.com\/index.php?rest_route=\/wp\/v2\/pages"}],"about":[{"href":"https:\/\/technicalcover.com\/index.php?rest_route=\/wp\/v2\/types\/page"}],"author":[{"embeddable":true,"href":"https:\/\/technicalcover.com\/index.php?rest_route=\/wp\/v2\/users\/1"}],"replies":[{"embeddable":true,"href":"https:\/\/technicalcover.com\/index.php?rest_route=%2Fwp%2Fv2%2Fcomments&post=24653"}],"version-history":[{"count":208,"href":"https:\/\/technicalcover.com\/index.php?rest_route=\/wp\/v2\/pages\/24653\/revisions"}],"predecessor-version":[{"id":26819,"href":"https:\/\/technicalcover.com\/index.php?rest_route=\/wp\/v2\/pages\/24653\/revisions\/26819"}],"wp:attachment":[{"href":"https:\/\/technicalcover.com\/index.php?rest_route=%2Fwp%2Fv2%2Fmedia&parent=24653"}],"curies":[{"name":"wp","href":"https:\/\/api.w.org\/{rel}","templated":true}]}}