{"id":25479,"date":"2023-04-16T11:50:11","date_gmt":"2023-04-16T11:50:11","guid":{"rendered":"http:\/\/technicalcover.com\/?page_id=25479"},"modified":"2024-01-12T11:54:16","modified_gmt":"2024-01-12T11:54:16","slug":"urunlerimiz","status":"publish","type":"page","link":"https:\/\/technicalcover.com\/?page_id=25479","title":{"rendered":"\u00dcr\u00fcnlerimiz"},"content":{"rendered":"\t\t<div data-elementor-type=\"wp-page\" data-elementor-id=\"25479\" class=\"elementor elementor-25479\">\n\t\t\t\t\t\t<section class=\"elementor-section elementor-top-section elementor-element elementor-element-3afaa84 elementor-section-boxed elementor-section-height-default elementor-section-height-default\" data-id=\"3afaa84\" data-element_type=\"section\">\n\t\t\t\t\t\t<div class=\"elementor-container elementor-column-gap-default\">\n\t\t\t\t\t<div class=\"elementor-column elementor-col-100 elementor-top-column elementor-element elementor-element-b8edc67\" data-id=\"b8edc67\" data-element_type=\"column\">\n\t\t\t<div class=\"elementor-widget-wrap elementor-element-populated\">\n\t\t\t\t\t\t<div class=\"elementor-element elementor-element-a0ab004 elementor-widget elementor-widget-heading\" data-id=\"a0ab004\" data-element_type=\"widget\" data-widget_type=\"heading.default\">\n\t\t\t\t<div class=\"elementor-widget-container\">\n\t\t\t\t\t<h2 class=\"elementor-heading-title elementor-size-default\">\u00dcr\u00fcnlerimiz<\/h2>\t\t\t\t<\/div>\n\t\t\t\t<\/div>\n\t\t\t\t\t<\/div>\n\t\t<\/div>\n\t\t\t\t\t<\/div>\n\t\t<\/section>\n\t\t\t\t<section class=\"elementor-section elementor-top-section elementor-element elementor-element-0869eef elementor-section-boxed elementor-section-height-default elementor-section-height-default\" data-id=\"0869eef\" data-element_type=\"section\">\n\t\t\t\t\t\t<div class=\"elementor-container elementor-column-gap-default\">\n\t\t\t\t\t<div class=\"elementor-column elementor-col-33 elementor-top-column elementor-element elementor-element-b1b9b64\" data-id=\"b1b9b64\" data-element_type=\"column\">\n\t\t\t<div class=\"elementor-widget-wrap elementor-element-populated\">\n\t\t\t\t\t\t<div class=\"elementor-element elementor-element-114b415 elementor-widget elementor-widget-image\" data-id=\"114b415\" data-element_type=\"widget\" data-widget_type=\"image.default\">\n\t\t\t\t<div class=\"elementor-widget-container\">\n\t\t\t\t\t\t\t\t\t\t\t\t\t\t\t\t<a href=\"\/?page_id=24397\">\n\t\t\t\t\t\t\t<img fetchpriority=\"high\" decoding=\"async\" width=\"409\" height=\"282\" src=\"https:\/\/technicalcover.com\/wp-content\/uploads\/2023\/04\/aquacover-cover.jpg\" class=\"attachment-large size-large wp-image-23791\" alt=\"\" srcset=\"https:\/\/technicalcover.com\/wp-content\/uploads\/2023\/04\/aquacover-cover.jpg 409w, https:\/\/technicalcover.com\/wp-content\/uploads\/2023\/04\/aquacover-cover-300x207.jpg 300w\" sizes=\"(max-width: 409px) 100vw, 409px\" \/>\t\t\t\t\t\t\t\t<\/a>\n\t\t\t\t\t\t\t\t\t\t\t\t\t\t\t<\/div>\n\t\t\t\t<\/div>\n\t\t\t\t<div class=\"elementor-element elementor-element-4c2f13d elementor-widget elementor-widget-image\" data-id=\"4c2f13d\" data-element_type=\"widget\" data-widget_type=\"image.default\">\n\t\t\t\t<div class=\"elementor-widget-container\">\n\t\t\t\t\t\t\t\t\t\t\t\t\t\t\t\t<a href=\"\/?page_id=24397\">\n\t\t\t\t\t\t\t<img decoding=\"async\" width=\"486\" height=\"60\" src=\"https:\/\/technicalcover.com\/wp-content\/uploads\/2023\/04\/aquacover-logo-2.png\" class=\"attachment-full size-full wp-image-23805\" alt=\"\" srcset=\"https:\/\/technicalcover.com\/wp-content\/uploads\/2023\/04\/aquacover-logo-2.png 486w, https:\/\/technicalcover.com\/wp-content\/uploads\/2023\/04\/aquacover-logo-2-300x37.png 300w\" sizes=\"(max-width: 486px) 100vw, 486px\" \/>\t\t\t\t\t\t\t\t<\/a>\n\t\t\t\t\t\t\t\t\t\t\t\t\t\t\t<\/div>\n\t\t\t\t<\/div>\n\t\t\t\t<div class=\"elementor-element elementor-element-8b93e5a elementor-widget elementor-widget-heading\" data-id=\"8b93e5a\" data-element_type=\"widget\" data-widget_type=\"heading.default\">\n\t\t\t\t<div class=\"elementor-widget-container\">\n\t\t\t\t\t<h2 class=\"elementor-heading-title elementor-size-default\">\u0130ki polipropilen\/polyester nonwoven katman aras\u0131nda su s\u0131zd\u0131rmaztermoplastik film ile 3 katl\u0131 yap\u0131dad\u0131r.<\/h2>\t\t\t\t<\/div>\n\t\t\t\t<\/div>\n\t\t\t\t<div class=\"elementor-element elementor-element-d95b663 elementor-widget elementor-widget-heading\" data-id=\"d95b663\" data-element_type=\"widget\" data-widget_type=\"heading.default\">\n\t\t\t\t<div class=\"elementor-widget-container\">\n\t\t\t\t\t<h2 class=\"elementor-heading-title elementor-size-default\"><a href=\"\/?page_id=24397\">\u00fcr\u00fcn\u00fc G\u00f6r\u00fcnt\u00fcle &nbsp; \u00bb<\/a><\/h2>\t\t\t\t<\/div>\n\t\t\t\t<\/div>\n\t\t\t\t\t<\/div>\n\t\t<\/div>\n\t\t\t\t<div class=\"elementor-column elementor-col-33 elementor-top-column elementor-element elementor-element-0cd91cb\" data-id=\"0cd91cb\" data-element_type=\"column\">\n\t\t\t<div class=\"elementor-widget-wrap elementor-element-populated\">\n\t\t\t\t\t\t<div class=\"elementor-element elementor-element-a06e26e elementor-widget elementor-widget-image\" data-id=\"a06e26e\" data-element_type=\"widget\" data-widget_type=\"image.default\">\n\t\t\t\t<div class=\"elementor-widget-container\">\n\t\t\t\t\t\t\t\t\t\t\t\t\t\t\t\t<a href=\"\/?page_id=24403\">\n\t\t\t\t\t\t\t<img decoding=\"async\" width=\"409\" height=\"282\" src=\"https:\/\/technicalcover.com\/wp-content\/uploads\/2023\/04\/isocover-cover.jpg\" class=\"attachment-large size-large wp-image-23799\" alt=\"\" srcset=\"https:\/\/technicalcover.com\/wp-content\/uploads\/2023\/04\/isocover-cover.jpg 409w, https:\/\/technicalcover.com\/wp-content\/uploads\/2023\/04\/isocover-cover-300x207.jpg 300w\" sizes=\"(max-width: 409px) 100vw, 409px\" \/>\t\t\t\t\t\t\t\t<\/a>\n\t\t\t\t\t\t\t\t\t\t\t\t\t\t\t<\/div>\n\t\t\t\t<\/div>\n\t\t\t\t<div class=\"elementor-element elementor-element-31f7a13 elementor-widget elementor-widget-image\" data-id=\"31f7a13\" data-element_type=\"widget\" data-widget_type=\"image.default\">\n\t\t\t\t<div class=\"elementor-widget-container\">\n\t\t\t\t\t\t\t\t\t\t\t\t\t\t\t\t<a href=\"\/?page_id=24403\">\n\t\t\t\t\t\t\t<img loading=\"lazy\" decoding=\"async\" width=\"486\" height=\"60\" src=\"https:\/\/technicalcover.com\/wp-content\/uploads\/2023\/04\/isocover-logo.png\" class=\"attachment-full size-full wp-image-23806\" alt=\"\" srcset=\"https:\/\/technicalcover.com\/wp-content\/uploads\/2023\/04\/isocover-logo.png 486w, https:\/\/technicalcover.com\/wp-content\/uploads\/2023\/04\/isocover-logo-300x37.png 300w\" sizes=\"(max-width: 486px) 100vw, 486px\" \/>\t\t\t\t\t\t\t\t<\/a>\n\t\t\t\t\t\t\t\t\t\t\t\t\t\t\t<\/div>\n\t\t\t\t<\/div>\n\t\t\t\t<div class=\"elementor-element elementor-element-e9cc04f elementor-widget elementor-widget-heading\" data-id=\"e9cc04f\" data-element_type=\"widget\" data-widget_type=\"heading.default\">\n\t\t\t\t<div class=\"elementor-widget-container\">\n\t\t\t\t\t<h2 class=\"elementor-heading-title elementor-size-default\">\u0130ki polipropilen nonwoven katman aras\u0131nda nefes alabilen film ile 3 katl\u0131 yap\u0131dad\u0131r.\n<br><br><\/h2>\t\t\t\t<\/div>\n\t\t\t\t<\/div>\n\t\t\t\t<div class=\"elementor-element elementor-element-a98f74e elementor-widget elementor-widget-heading\" data-id=\"a98f74e\" data-element_type=\"widget\" data-widget_type=\"heading.default\">\n\t\t\t\t<div class=\"elementor-widget-container\">\n\t\t\t\t\t<h2 class=\"elementor-heading-title elementor-size-default\"><a href=\"\/?page_id=24403\">\u00fcr\u00fcn\u00fc G\u00f6r\u00fcnt\u00fcle &nbsp; \u00bb<\/a><\/h2>\t\t\t\t<\/div>\n\t\t\t\t<\/div>\n\t\t\t\t\t<\/div>\n\t\t<\/div>\n\t\t\t\t<div class=\"elementor-column elementor-col-33 elementor-top-column elementor-element elementor-element-74888e6\" data-id=\"74888e6\" data-element_type=\"column\">\n\t\t\t<div class=\"elementor-widget-wrap elementor-element-populated\">\n\t\t\t\t\t\t<div class=\"elementor-element elementor-element-0ced63a elementor-widget elementor-widget-image\" data-id=\"0ced63a\" data-element_type=\"widget\" data-widget_type=\"image.default\">\n\t\t\t\t<div class=\"elementor-widget-container\">\n\t\t\t\t\t\t\t\t\t\t\t\t\t\t\t\t<a href=\"\/?page_id=24424\">\n\t\t\t\t\t\t\t<img loading=\"lazy\" decoding=\"async\" width=\"409\" height=\"282\" src=\"https:\/\/technicalcover.com\/wp-content\/uploads\/2023\/04\/flocover-cover.jpg\" class=\"attachment-large size-large wp-image-24364\" alt=\"\" srcset=\"https:\/\/technicalcover.com\/wp-content\/uploads\/2023\/04\/flocover-cover.jpg 409w, https:\/\/technicalcover.com\/wp-content\/uploads\/2023\/04\/flocover-cover-300x207.jpg 300w\" sizes=\"(max-width: 409px) 100vw, 409px\" \/>\t\t\t\t\t\t\t\t<\/a>\n\t\t\t\t\t\t\t\t\t\t\t\t\t\t\t<\/div>\n\t\t\t\t<\/div>\n\t\t\t\t<div class=\"elementor-element elementor-element-2e806aa elementor-widget elementor-widget-image\" data-id=\"2e806aa\" data-element_type=\"widget\" data-widget_type=\"image.default\">\n\t\t\t\t<div class=\"elementor-widget-container\">\n\t\t\t\t\t\t\t\t\t\t\t\t\t\t\t\t<a href=\"\/?page_id=24424\">\n\t\t\t\t\t\t\t<img loading=\"lazy\" decoding=\"async\" width=\"486\" height=\"60\" src=\"https:\/\/technicalcover.com\/wp-content\/uploads\/2023\/04\/flocover-logo.png\" class=\"attachment-full size-full wp-image-23814\" alt=\"\" srcset=\"https:\/\/technicalcover.com\/wp-content\/uploads\/2023\/04\/flocover-logo.png 486w, https:\/\/technicalcover.com\/wp-content\/uploads\/2023\/04\/flocover-logo-300x37.png 300w\" sizes=\"(max-width: 486px) 100vw, 486px\" \/>\t\t\t\t\t\t\t\t<\/a>\n\t\t\t\t\t\t\t\t\t\t\t\t\t\t\t<\/div>\n\t\t\t\t<\/div>\n\t\t\t\t<div class=\"elementor-element elementor-element-87b7554 elementor-widget elementor-widget-heading\" data-id=\"87b7554\" data-element_type=\"widget\" data-widget_type=\"heading.default\">\n\t\t\t\t<div class=\"elementor-widget-container\">\n\t\t\t\t\t<h2 class=\"elementor-heading-title elementor-size-default\">\u00dczeri s\u0131v\u0131 ge\u00e7irmez ve \u00e7izilmez, ortas\u0131 darbeye diren\u00e7li, alt\u0131 kaymaz katman ile 4 katl\u0131 yap\u0131dad\u0131r.<\/h2>\t\t\t\t<\/div>\n\t\t\t\t<\/div>\n\t\t\t\t<div class=\"elementor-element elementor-element-c00360d elementor-widget elementor-widget-heading\" data-id=\"c00360d\" data-element_type=\"widget\" data-widget_type=\"heading.default\">\n\t\t\t\t<div class=\"elementor-widget-container\">\n\t\t\t\t\t<h2 class=\"elementor-heading-title elementor-size-default\"><a href=\"\/?page_id=24424\">\u00fcr\u00fcn\u00fc G\u00f6r\u00fcnt\u00fcle &nbsp; \u00bb<\/a><\/h2>\t\t\t\t<\/div>\n\t\t\t\t<\/div>\n\t\t\t\t\t<\/div>\n\t\t<\/div>\n\t\t\t\t\t<\/div>\n\t\t<\/section>\n\t\t\t\t<section class=\"elementor-section elementor-top-section elementor-element elementor-element-eef0dde elementor-section-boxed elementor-section-height-default elementor-section-height-default\" data-id=\"eef0dde\" data-element_type=\"section\">\n\t\t\t\t\t\t<div class=\"elementor-container elementor-column-gap-default\">\n\t\t\t\t\t<div class=\"elementor-column elementor-col-33 elementor-top-column elementor-element elementor-element-592f4be\" data-id=\"592f4be\" data-element_type=\"column\">\n\t\t\t<div class=\"elementor-widget-wrap elementor-element-populated\">\n\t\t\t\t\t\t<div class=\"elementor-element elementor-element-bed2ce1 elementor-widget elementor-widget-image\" data-id=\"bed2ce1\" data-element_type=\"widget\" data-widget_type=\"image.default\">\n\t\t\t\t<div class=\"elementor-widget-container\">\n\t\t\t\t\t\t\t\t\t\t\t\t\t\t\t\t<a href=\"\/?page_id=24446\">\n\t\t\t\t\t\t\t<img loading=\"lazy\" decoding=\"async\" width=\"409\" height=\"282\" src=\"https:\/\/technicalcover.com\/wp-content\/uploads\/2023\/04\/refcover-cover.jpg\" class=\"attachment-large size-large wp-image-24242\" alt=\"\" srcset=\"https:\/\/technicalcover.com\/wp-content\/uploads\/2023\/04\/refcover-cover.jpg 409w, https:\/\/technicalcover.com\/wp-content\/uploads\/2023\/04\/refcover-cover-300x207.jpg 300w\" sizes=\"(max-width: 409px) 100vw, 409px\" \/>\t\t\t\t\t\t\t\t<\/a>\n\t\t\t\t\t\t\t\t\t\t\t\t\t\t\t<\/div>\n\t\t\t\t<\/div>\n\t\t\t\t<div class=\"elementor-element elementor-element-a739f08 elementor-widget elementor-widget-image\" data-id=\"a739f08\" data-element_type=\"widget\" data-widget_type=\"image.default\">\n\t\t\t\t<div class=\"elementor-widget-container\">\n\t\t\t\t\t\t\t\t\t\t\t\t\t\t\t\t<a href=\"\/?page_id=24446\">\n\t\t\t\t\t\t\t<img loading=\"lazy\" decoding=\"async\" width=\"486\" height=\"60\" src=\"https:\/\/technicalcover.com\/wp-content\/uploads\/2023\/04\/refcover-cover.png\" class=\"attachment-full size-full wp-image-24041\" alt=\"\" srcset=\"https:\/\/technicalcover.com\/wp-content\/uploads\/2023\/04\/refcover-cover.png 486w, https:\/\/technicalcover.com\/wp-content\/uploads\/2023\/04\/refcover-cover-300x37.png 300w\" sizes=\"(max-width: 486px) 100vw, 486px\" \/>\t\t\t\t\t\t\t\t<\/a>\n\t\t\t\t\t\t\t\t\t\t\t\t\t\t\t<\/div>\n\t\t\t\t<\/div>\n\t\t\t\t<div class=\"elementor-element elementor-element-697f5ae elementor-widget elementor-widget-heading\" data-id=\"697f5ae\" data-element_type=\"widget\" data-widget_type=\"heading.default\">\n\t\t\t\t<div class=\"elementor-widget-container\">\n\t\t\t\t\t<h2 class=\"elementor-heading-title elementor-size-default\">Polipropilen nonwoven u\u0308zeri poliolefin filmin ile kapl\u0131 2 katl\u0131 bir u\u0308ru\u0308ndu\u0308r.\n<br><br><br>&lt;br<\/h2>\t\t\t\t<\/div>\n\t\t\t\t<\/div>\n\t\t\t\t<div class=\"elementor-element elementor-element-fd371e6 elementor-widget elementor-widget-heading\" data-id=\"fd371e6\" data-element_type=\"widget\" data-widget_type=\"heading.default\">\n\t\t\t\t<div class=\"elementor-widget-container\">\n\t\t\t\t\t<h2 class=\"elementor-heading-title elementor-size-default\"><a href=\"\/?page_id=24446\">\u00fcr\u00fcn\u00fc G\u00f6r\u00fcnt\u00fcle &nbsp; \u00bb<\/a><\/h2>\t\t\t\t<\/div>\n\t\t\t\t<\/div>\n\t\t\t\t\t<\/div>\n\t\t<\/div>\n\t\t\t\t<div class=\"elementor-column elementor-col-33 elementor-top-column elementor-element elementor-element-960886e\" data-id=\"960886e\" data-element_type=\"column\">\n\t\t\t<div class=\"elementor-widget-wrap elementor-element-populated\">\n\t\t\t\t\t\t<div class=\"elementor-element elementor-element-16b2986 elementor-widget elementor-widget-image\" data-id=\"16b2986\" data-element_type=\"widget\" data-widget_type=\"image.default\">\n\t\t\t\t<div class=\"elementor-widget-container\">\n\t\t\t\t\t\t\t\t\t\t\t\t\t\t\t\t<a href=\"\/?page_id=24526\">\n\t\t\t\t\t\t\t<img loading=\"lazy\" decoding=\"async\" width=\"409\" height=\"282\" src=\"https:\/\/technicalcover.com\/wp-content\/uploads\/2023\/04\/cornercover-cover.jpg\" class=\"attachment-large size-large wp-image-24372\" alt=\"\" srcset=\"https:\/\/technicalcover.com\/wp-content\/uploads\/2023\/04\/cornercover-cover.jpg 409w, https:\/\/technicalcover.com\/wp-content\/uploads\/2023\/04\/cornercover-cover-300x207.jpg 300w\" sizes=\"(max-width: 409px) 100vw, 409px\" \/>\t\t\t\t\t\t\t\t<\/a>\n\t\t\t\t\t\t\t\t\t\t\t\t\t\t\t<\/div>\n\t\t\t\t<\/div>\n\t\t\t\t<div class=\"elementor-element elementor-element-23c8bb4 elementor-widget elementor-widget-image\" data-id=\"23c8bb4\" data-element_type=\"widget\" data-widget_type=\"image.default\">\n\t\t\t\t<div class=\"elementor-widget-container\">\n\t\t\t\t\t\t\t\t\t\t\t\t\t\t\t\t<a href=\"\/?page_id=24526\">\n\t\t\t\t\t\t\t<img loading=\"lazy\" decoding=\"async\" width=\"486\" height=\"60\" src=\"https:\/\/technicalcover.com\/wp-content\/uploads\/2023\/04\/cornercover-cover.png\" class=\"attachment-full size-full wp-image-24056\" alt=\"\" srcset=\"https:\/\/technicalcover.com\/wp-content\/uploads\/2023\/04\/cornercover-cover.png 486w, https:\/\/technicalcover.com\/wp-content\/uploads\/2023\/04\/cornercover-cover-300x37.png 300w\" sizes=\"(max-width: 486px) 100vw, 486px\" \/>\t\t\t\t\t\t\t\t<\/a>\n\t\t\t\t\t\t\t\t\t\t\t\t\t\t\t<\/div>\n\t\t\t\t<\/div>\n\t\t\t\t<div class=\"elementor-element elementor-element-9ce6dd5 elementor-widget elementor-widget-heading\" data-id=\"9ce6dd5\" data-element_type=\"widget\" data-widget_type=\"heading.default\">\n\t\t\t\t<div class=\"elementor-widget-container\">\n\t\t\t\t\t<h2 class=\"elementor-heading-title elementor-size-default\">\u0130ki polipropilen\/polyester nonwoven katman aras\u0131nda su s\u0131zd\u0131rmaz termoplastik film ile 3 katl\u0131 yap\u0131dad\u0131r. Fayans alt\u0131 k\u00f6\u015fe koruyucular\u0131 olarak bilinirler.<\/h2>\t\t\t\t<\/div>\n\t\t\t\t<\/div>\n\t\t\t\t<div class=\"elementor-element elementor-element-aee4ca2 elementor-widget elementor-widget-heading\" data-id=\"aee4ca2\" data-element_type=\"widget\" data-widget_type=\"heading.default\">\n\t\t\t\t<div class=\"elementor-widget-container\">\n\t\t\t\t\t<h2 class=\"elementor-heading-title elementor-size-default\"><a href=\"\/?page_id=24526\">\u00fcr\u00fcn\u00fc G\u00f6r\u00fcnt\u00fcle &nbsp; \u00bb<\/a><\/h2>\t\t\t\t<\/div>\n\t\t\t\t<\/div>\n\t\t\t\t\t<\/div>\n\t\t<\/div>\n\t\t\t\t<div class=\"elementor-column elementor-col-33 elementor-top-column elementor-element elementor-element-589d16d\" data-id=\"589d16d\" data-element_type=\"column\">\n\t\t\t<div class=\"elementor-widget-wrap elementor-element-populated\">\n\t\t\t\t\t\t<div class=\"elementor-element elementor-element-7a4a191 elementor-widget elementor-widget-image\" data-id=\"7a4a191\" data-element_type=\"widget\" data-widget_type=\"image.default\">\n\t\t\t\t<div class=\"elementor-widget-container\">\n\t\t\t\t\t\t\t\t\t\t\t\t\t\t\t\t<a href=\"\/?page_id=24562\">\n\t\t\t\t\t\t\t<img loading=\"lazy\" decoding=\"async\" width=\"409\" height=\"282\" src=\"https:\/\/technicalcover.com\/wp-content\/uploads\/2023\/04\/tapecover-cover.jpg\" class=\"attachment-large size-large wp-image-24250\" alt=\"\" srcset=\"https:\/\/technicalcover.com\/wp-content\/uploads\/2023\/04\/tapecover-cover.jpg 409w, https:\/\/technicalcover.com\/wp-content\/uploads\/2023\/04\/tapecover-cover-300x207.jpg 300w\" sizes=\"(max-width: 409px) 100vw, 409px\" \/>\t\t\t\t\t\t\t\t<\/a>\n\t\t\t\t\t\t\t\t\t\t\t\t\t\t\t<\/div>\n\t\t\t\t<\/div>\n\t\t\t\t<div class=\"elementor-element elementor-element-c26bd5c elementor-widget elementor-widget-image\" data-id=\"c26bd5c\" data-element_type=\"widget\" data-widget_type=\"image.default\">\n\t\t\t\t<div class=\"elementor-widget-container\">\n\t\t\t\t\t\t\t\t\t\t\t\t\t\t\t\t<a href=\"\/?page_id=24562\">\n\t\t\t\t\t\t\t<img loading=\"lazy\" decoding=\"async\" width=\"486\" height=\"60\" src=\"https:\/\/technicalcover.com\/wp-content\/uploads\/2023\/04\/tapecover-cover.png\" class=\"attachment-full size-full wp-image-24060\" alt=\"\" srcset=\"https:\/\/technicalcover.com\/wp-content\/uploads\/2023\/04\/tapecover-cover.png 486w, https:\/\/technicalcover.com\/wp-content\/uploads\/2023\/04\/tapecover-cover-300x37.png 300w\" sizes=\"(max-width: 486px) 100vw, 486px\" \/>\t\t\t\t\t\t\t\t<\/a>\n\t\t\t\t\t\t\t\t\t\t\t\t\t\t\t<\/div>\n\t\t\t\t<\/div>\n\t\t\t\t<div class=\"elementor-element elementor-element-6f9ee1a elementor-widget elementor-widget-heading\" data-id=\"6f9ee1a\" data-element_type=\"widget\" data-widget_type=\"heading.default\">\n\t\t\t\t<div class=\"elementor-widget-container\">\n\t\t\t\t\t<h2 class=\"elementor-heading-title elementor-size-default\">\u0130ki polipropilen\/polyester nonwoven katman aras\u0131nda su s\u0131zd\u0131rmaz termoplastik film ile 3 katl\u0131 yap\u0131dad\u0131r. Fayans birle\u015fimlerinde koruyucu bant olarak kullan\u0131lm\u0131\u015ft\u0131r.<\/h2>\t\t\t\t<\/div>\n\t\t\t\t<\/div>\n\t\t\t\t<div class=\"elementor-element elementor-element-0d1ce74 elementor-widget elementor-widget-heading\" data-id=\"0d1ce74\" data-element_type=\"widget\" data-widget_type=\"heading.default\">\n\t\t\t\t<div class=\"elementor-widget-container\">\n\t\t\t\t\t<h2 class=\"elementor-heading-title elementor-size-default\"><a href=\"\/?page_id=24562\">\u00fcr\u00fcn\u00fc G\u00f6r\u00fcnt\u00fcle &nbsp; \u00bb<\/a><\/h2>\t\t\t\t<\/div>\n\t\t\t\t<\/div>\n\t\t\t\t\t<\/div>\n\t\t<\/div>\n\t\t\t\t\t<\/div>\n\t\t<\/section>\n\t\t\t\t<section class=\"elementor-section elementor-top-section elementor-element elementor-element-ad04c40 elementor-section-boxed elementor-section-height-default elementor-section-height-default\" data-id=\"ad04c40\" data-element_type=\"section\">\n\t\t\t\t\t\t<div class=\"elementor-container elementor-column-gap-default\">\n\t\t\t\t\t<div class=\"elementor-column elementor-col-100 elementor-top-column elementor-element elementor-element-77731b1\" data-id=\"77731b1\" data-element_type=\"column\">\n\t\t\t<div class=\"elementor-widget-wrap elementor-element-populated\">\n\t\t\t\t\t\t<div class=\"elementor-element elementor-element-c91b10d elementor-invisible elementor-widget elementor-widget-image\" data-id=\"c91b10d\" data-element_type=\"widget\" data-settings=\"{&quot;_animation&quot;:&quot;fadeIn&quot;,&quot;_animation_delay&quot;:80}\" data-widget_type=\"image.default\">\n\t\t\t\t<div class=\"elementor-widget-container\">\n\t\t\t\t\t\t\t\t\t\t\t\t\t\t\t<img loading=\"lazy\" decoding=\"async\" width=\"640\" height=\"361\" src=\"https:\/\/technicalcover.com\/wp-content\/uploads\/2024\/01\/Ekran-Resmi-2023-04-18-15.59.14-1024x577.png\" class=\"attachment-large size-large wp-image-26727\" alt=\"\u00dcr\u00fcn A\u011fac\u0131m\u0131z\" srcset=\"https:\/\/technicalcover.com\/wp-content\/uploads\/2024\/01\/Ekran-Resmi-2023-04-18-15.59.14-1024x577.png 1024w, https:\/\/technicalcover.com\/wp-content\/uploads\/2024\/01\/Ekran-Resmi-2023-04-18-15.59.14-300x169.png 300w, https:\/\/technicalcover.com\/wp-content\/uploads\/2024\/01\/Ekran-Resmi-2023-04-18-15.59.14-768x433.png 768w, https:\/\/technicalcover.com\/wp-content\/uploads\/2024\/01\/Ekran-Resmi-2023-04-18-15.59.14-1536x866.png 1536w, https:\/\/technicalcover.com\/wp-content\/uploads\/2024\/01\/Ekran-Resmi-2023-04-18-15.59.14-2048x1154.png 2048w\" sizes=\"(max-width: 640px) 100vw, 640px\" \/>\t\t\t\t\t\t\t\t\t\t\t\t\t\t\t<\/div>\n\t\t\t\t<\/div>\n\t\t\t\t\t<\/div>\n\t\t<\/div>\n\t\t\t\t\t<\/div>\n\t\t<\/section>\n\t\t\t\t<section class=\"elementor-section elementor-top-section elementor-element elementor-element-a3bdbbe elementor-section-boxed elementor-section-height-default elementor-section-height-default\" data-id=\"a3bdbbe\" data-element_type=\"section\" data-settings=\"{&quot;background_background&quot;:&quot;classic&quot;}\">\n\t\t\t\t\t\t<div class=\"elementor-container elementor-column-gap-default\">\n\t\t\t\t\t<div class=\"elementor-column elementor-col-50 elementor-top-column elementor-element elementor-element-f74f584\" data-id=\"f74f584\" data-element_type=\"column\" data-settings=\"{&quot;background_background&quot;:&quot;classic&quot;}\">\n\t\t\t<div class=\"elementor-widget-wrap elementor-element-populated\">\n\t\t\t\t\t\t<div class=\"elementor-element elementor-element-b9d5ddd elementor-widget elementor-widget-heading\" data-id=\"b9d5ddd\" data-element_type=\"widget\" data-widget_type=\"heading.default\">\n\t\t\t\t<div class=\"elementor-widget-container\">\n\t\t\t\t\t<h2 class=\"elementor-heading-title elementor-size-default\">Daha fazla bilgi almak ister misiniz?<\/h2>\t\t\t\t<\/div>\n\t\t\t\t<\/div>\n\t\t\t\t\t<\/div>\n\t\t<\/div>\n\t\t\t\t<div class=\"elementor-column elementor-col-50 elementor-top-column elementor-element elementor-element-939083b\" data-id=\"939083b\" data-element_type=\"column\" data-settings=\"{&quot;background_background&quot;:&quot;classic&quot;}\">\n\t\t\t<div class=\"elementor-widget-wrap elementor-element-populated\">\n\t\t\t\t\t\t<div class=\"elementor-element elementor-element-da7577e elementor-align-center ub-btn-icon-none elementor-widget elementor-widget-droit-single-button\" data-id=\"da7577e\" data-element_type=\"widget\" data-widget_type=\"droit-single-button.default\">\n\t\t\t\t<div class=\"elementor-widget-container\">\n\t\t\t\t\t            <a class=\"ub-btn elementor-button elementor-button-link elementor-size-sm ub-animation-none\" href=\"\/?page_id=24722\" role=\"button\">\n                \n        <span class=\"elementor-button-content-wrapper\">\n            <span class=\"elementor-button-icon elementor-align-icon-right\">\n                            <\/span>\n            <span class=\"elementor-button-text\">\n                \u0130leti\u015fime Ge\u00e7in            <\/span>\n\t\t<\/span>\n                    <\/a>\n                        <script>\n                jQuery(document).ready(function () {\n                    jQuery('.ub-btn-icon-none .ub-btn').hover( function () {\n                        jQuery('.ub-btn-icon-none .ub-btn i').css('animation', 'none 0.9s')}, function () {\n                        jQuery('.ub-btn-icon-none .ub-btn i').css('animation', 'none')\n                    })\n                })\n            <\/script>\n            \t\t\t\t<\/div>\n\t\t\t\t<\/div>\n\t\t\t\t\t<\/div>\n\t\t<\/div>\n\t\t\t\t\t<\/div>\n\t\t<\/section>\n\t\t\t\t<\/div>\n\t\t","protected":false},"excerpt":{"rendered":"<p>\u00dcr\u00fcnlerimiz \u0130ki polipropilen\/polyester nonwoven katman aras\u0131nda su s\u0131zd\u0131rmaztermoplastik film ile 3 katl\u0131 yap\u0131dad\u0131r. \u00fcr\u00fcn\u00fc G\u00f6r\u00fcnt\u00fcle &nbsp; \u00bb \u0130ki polipropilen nonwoven katman aras\u0131nda nefes alabilen film ile 3 katl\u0131 yap\u0131dad\u0131r. \u00fcr\u00fcn\u00fc G\u00f6r\u00fcnt\u00fcle &nbsp; \u00bb \u00dczeri s\u0131v\u0131 ge\u00e7irmez ve \u00e7izilmez, ortas\u0131 darbeye diren\u00e7li, alt\u0131 kaymaz katman ile 4 katl\u0131 yap\u0131dad\u0131r. \u00fcr\u00fcn\u00fc G\u00f6r\u00fcnt\u00fcle &nbsp; \u00bb Polipropilen nonwoven u\u0308zeri &#8230;<\/p>\n","protected":false},"author":1,"featured_media":0,"parent":0,"menu_order":0,"comment_status":"closed","ping_status":"closed","template":"elementor_header_footer","meta":{"_acf_changed":false,"_monsterinsights_skip_tracking":false,"_monsterinsights_sitenote_active":false,"_monsterinsights_sitenote_note":"","_monsterinsights_sitenote_category":0,"footnotes":""},"class_list":["post-25479","page","type-page","status-publish","hentry"],"acf":[],"aioseo_notices":[],"_links":{"self":[{"href":"https:\/\/technicalcover.com\/index.php?rest_route=\/wp\/v2\/pages\/25479","targetHints":{"allow":["GET"]}}],"collection":[{"href":"https:\/\/technicalcover.com\/index.php?rest_route=\/wp\/v2\/pages"}],"about":[{"href":"https:\/\/technicalcover.com\/index.php?rest_route=\/wp\/v2\/types\/page"}],"author":[{"embeddable":true,"href":"https:\/\/technicalcover.com\/index.php?rest_route=\/wp\/v2\/users\/1"}],"replies":[{"embeddable":true,"href":"https:\/\/technicalcover.com\/index.php?rest_route=%2Fwp%2Fv2%2Fcomments&post=25479"}],"version-history":[{"count":28,"href":"https:\/\/technicalcover.com\/index.php?rest_route=\/wp\/v2\/pages\/25479\/revisions"}],"predecessor-version":[{"id":26730,"href":"https:\/\/technicalcover.com\/index.php?rest_route=\/wp\/v2\/pages\/25479\/revisions\/26730"}],"wp:attachment":[{"href":"https:\/\/technicalcover.com\/index.php?rest_route=%2Fwp%2Fv2%2Fmedia&parent=25479"}],"curies":[{"name":"wp","href":"https:\/\/api.w.org\/{rel}","templated":true}]}}