{"id":25859,"date":"2023-04-16T22:04:39","date_gmt":"2023-04-16T22:04:39","guid":{"rendered":"http:\/\/technicalcover.com\/?page_id=25859"},"modified":"2024-01-19T06:39:15","modified_gmt":"2024-01-19T06:39:15","slug":"contact","status":"publish","type":"page","link":"https:\/\/technicalcover.com\/?page_id=25859&lang=en","title":{"rendered":"Contact"},"content":{"rendered":"\t\t<div data-elementor-type=\"wp-page\" data-elementor-id=\"25859\" class=\"elementor elementor-25859\">\n\t\t\t\t\t\t<section class=\"elementor-section elementor-top-section elementor-element elementor-element-a2fb088 elementor-section-boxed elementor-section-height-default elementor-section-height-default\" data-id=\"a2fb088\" data-element_type=\"section\" data-settings=\"{&quot;background_background&quot;:&quot;classic&quot;}\">\n\t\t\t\t\t\t<div class=\"elementor-container elementor-column-gap-no\">\n\t\t\t\t\t<div class=\"elementor-column elementor-col-100 elementor-top-column elementor-element elementor-element-956170f\" data-id=\"956170f\" data-element_type=\"column\">\n\t\t\t<div class=\"elementor-widget-wrap elementor-element-populated\">\n\t\t\t\t\t\t<section class=\"elementor-section elementor-inner-section elementor-element elementor-element-ecd2128 elementor-section-full_width elementor-section-height-default elementor-section-height-default\" data-id=\"ecd2128\" data-element_type=\"section\">\n\t\t\t\t\t\t<div class=\"elementor-container elementor-column-gap-default\">\n\t\t\t\t\t<div class=\"elementor-column elementor-col-100 elementor-inner-column elementor-element elementor-element-bf8c3e5\" data-id=\"bf8c3e5\" data-element_type=\"column\">\n\t\t\t<div class=\"elementor-widget-wrap elementor-element-populated\">\n\t\t\t\t\t\t<div class=\"elementor-element elementor-element-fae1cf7 elementor-widget elementor-widget-heading\" data-id=\"fae1cf7\" data-element_type=\"widget\" data-widget_type=\"heading.default\">\n\t\t\t\t<div class=\"elementor-widget-container\">\n\t\t\t\t\t<h2 class=\"elementor-heading-title elementor-size-default\">Contact<\/h2>\t\t\t\t<\/div>\n\t\t\t\t<\/div>\n\t\t\t\t\t<\/div>\n\t\t<\/div>\n\t\t\t\t\t<\/div>\n\t\t<\/section>\n\t\t\t\t<section class=\"elementor-section elementor-inner-section elementor-element elementor-element-cffaf54 elementor-section-full_width elementor-section-height-default elementor-section-height-default\" data-id=\"cffaf54\" data-element_type=\"section\">\n\t\t\t\t\t\t<div class=\"elementor-container elementor-column-gap-default\">\n\t\t\t\t\t<div class=\"elementor-column elementor-col-50 elementor-inner-column elementor-element elementor-element-810fc4f\" data-id=\"810fc4f\" data-element_type=\"column\">\n\t\t\t<div class=\"elementor-widget-wrap elementor-element-populated\">\n\t\t\t\t\t\t<div class=\"elementor-element elementor-element-c1562aa elementor-hidden-tablet elementor-hidden-mobile elementor-widget elementor-widget-heading\" data-id=\"c1562aa\" data-element_type=\"widget\" data-widget_type=\"heading.default\">\n\t\t\t\t<div class=\"elementor-widget-container\">\n\t\t\t\t\t<h3 class=\"elementor-heading-title elementor-size-default\">Contact Us<\/h3>\t\t\t\t<\/div>\n\t\t\t\t<\/div>\n\t\t\t\t<div class=\"elementor-element elementor-element-80a1c4b elementor-widget elementor-widget-heading\" data-id=\"80a1c4b\" data-element_type=\"widget\" data-widget_type=\"heading.default\">\n\t\t\t\t<div class=\"elementor-widget-container\">\n\t\t\t\t\t<h3 class=\"elementor-heading-title elementor-size-default\">Adress<\/h3>\t\t\t\t<\/div>\n\t\t\t\t<\/div>\n\t\t\t\t<div class=\"elementor-element elementor-element-536690f location__muffle elementor-icon-list--layout-traditional elementor-list-item-link-full_width elementor-widget elementor-widget-icon-list\" data-id=\"536690f\" data-element_type=\"widget\" data-widget_type=\"icon-list.default\">\n\t\t\t\t<div class=\"elementor-widget-container\">\n\t\t\t\t\t\t\t<ul class=\"elementor-icon-list-items\">\n\t\t\t\t\t\t\t<li class=\"elementor-icon-list-item\">\n\t\t\t\t\t\t\t\t\t\t\t<span class=\"elementor-icon-list-icon\">\n\t\t\t\t\t\t\t<svg xmlns=\"http:\/\/www.w3.org\/2000\/svg\" id=\"Layer_1\" data-name=\"Layer 1\" viewBox=\"0 0 32 32\"><defs><style>      .cls-1 {        fill: #fff;      }      .cls-2 {        fill: #0083ff;      }    <\/style><\/defs><circle class=\"cls-2\" cx=\"16\" cy=\"16\" r=\"16\"><\/circle><path class=\"cls-1\" d=\"m15.99,26.09c-.66-.86-1.31-1.69-1.93-2.53-1.49-2.02-2.85-4.12-3.91-6.4-.49-1.06-.91-2.14-1.08-3.3-.23-1.53.05-2.97.79-4.32.72-1.31,1.78-2.3,3.14-2.95,1.35-.64,2.77-.82,4.24-.56,2.82.5,5.11,2.77,5.64,5.58.25,1.32.07,2.59-.38,3.83-.59,1.68-1.43,3.23-2.35,4.75-1.21,1.99-2.57,3.89-4.02,5.72-.04.05-.08.09-.15.18Zm-2.97-13.24c0,1.66,1.33,2.99,2.99,2.99s2.98-1.33,2.99-2.97c.01-1.64-1.33-3-2.98-3-1.65,0-2.99,1.33-3,2.98Z\"><\/path><\/svg>\t\t\t\t\t\t<\/span>\n\t\t\t\t\t\t\t\t\t\t<span class=\"elementor-icon-list-text\">Alkent 2000 Mah. Hadimkoy Yolu Cad. Demir Lavida Evleri B Blok No:149\/1B <br>B\u00fcy\u00fck\u00e7ekme\u00e7e\/\u0130STANBUL<\/span>\n\t\t\t\t\t\t\t\t\t<\/li>\n\t\t\t\t\t\t<\/ul>\n\t\t\t\t\t\t<\/div>\n\t\t\t\t<\/div>\n\t\t\t\t<div class=\"elementor-element elementor-element-c5db42b elementor-widget elementor-widget-heading\" data-id=\"c5db42b\" data-element_type=\"widget\" data-widget_type=\"heading.default\">\n\t\t\t\t<div class=\"elementor-widget-container\">\n\t\t\t\t\t<h3 class=\"elementor-heading-title elementor-size-default\">Mail<\/h3>\t\t\t\t<\/div>\n\t\t\t\t<\/div>\n\t\t\t\t<div class=\"elementor-element elementor-element-f211fbc elementor-icon-list--layout-traditional elementor-list-item-link-full_width elementor-widget elementor-widget-icon-list\" data-id=\"f211fbc\" data-element_type=\"widget\" data-widget_type=\"icon-list.default\">\n\t\t\t\t<div class=\"elementor-widget-container\">\n\t\t\t\t\t\t\t<ul class=\"elementor-icon-list-items\">\n\t\t\t\t\t\t\t<li class=\"elementor-icon-list-item\">\n\t\t\t\t\t\t\t\t\t\t\t<a href=\"mailto:info@technicalcover.com\">\n\n\t\t\t\t\t\t\t\t\t\t\t\t<span class=\"elementor-icon-list-icon\">\n\t\t\t\t\t\t\t<svg xmlns=\"http:\/\/www.w3.org\/2000\/svg\" id=\"Layer_1\" data-name=\"Layer 1\" viewBox=\"0 0 32 32\"><defs><style>      .cls-1 {        fill: #fff;      }      .cls-2 {        fill: #0083ff;      }    <\/style><\/defs><circle class=\"cls-2\" cx=\"16\" cy=\"16\" r=\"16\"><\/circle><g><path class=\"cls-1\" d=\"m17.25,17.53c-.82.55-1.68.54-2.49,0-1.89-1.26-3.79-2.53-5.69-3.8-.02-.01-.04-.02-.06-.03v6.42c.07.28.17.54.39.75.28.26.6.37.97.37h11.22c.77,0,1.22-.35,1.4-1.09,0,0,.02-.02.02-.02v-6.42s-.1.06-.15.09c-1.87,1.25-3.74,2.49-5.6,3.74Z\"><\/path><path class=\"cls-1\" d=\"m9.59,13.1c1.88,1.26,3.77,2.51,5.65,3.76.5.34,1.01.35,1.52,0,1.89-1.26,3.77-2.51,5.66-3.77.32-.21.5-.51.59-.87v-.35h0c-.03-.08-.04-.16-.07-.24-.17-.51-.63-.85-1.19-.88h-11.37c-.63,0-1.12.33-1.3.88-.03.07-.05.15-.07.23v.35s.02.03.02.05c.07.36.27.63.56.82Z\"><\/path><\/g><\/svg>\t\t\t\t\t\t<\/span>\n\t\t\t\t\t\t\t\t\t\t<span class=\"elementor-icon-list-text\">info@technicalcover.com<\/span>\n\t\t\t\t\t\t\t\t\t\t\t<\/a>\n\t\t\t\t\t\t\t\t\t<\/li>\n\t\t\t\t\t\t\t\t<li class=\"elementor-icon-list-item\">\n\t\t\t\t\t\t\t\t\t\t\t<a href=\"mailto:info@basal.com.tr\">\n\n\t\t\t\t\t\t\t\t\t\t\t\t<span class=\"elementor-icon-list-icon\">\n\t\t\t\t\t\t\t<svg xmlns=\"http:\/\/www.w3.org\/2000\/svg\" id=\"Layer_1\" data-name=\"Layer 1\" viewBox=\"0 0 32 32\"><defs><style>      .cls-1 {        fill: #fff;      }      .cls-2 {        fill: #0083ff;      }    <\/style><\/defs><circle class=\"cls-2\" cx=\"16\" cy=\"16\" r=\"16\"><\/circle><g><path class=\"cls-1\" d=\"m17.25,17.53c-.82.55-1.68.54-2.49,0-1.89-1.26-3.79-2.53-5.69-3.8-.02-.01-.04-.02-.06-.03v6.42c.07.28.17.54.39.75.28.26.6.37.97.37h11.22c.77,0,1.22-.35,1.4-1.09,0,0,.02-.02.02-.02v-6.42s-.1.06-.15.09c-1.87,1.25-3.74,2.49-5.6,3.74Z\"><\/path><path class=\"cls-1\" d=\"m9.59,13.1c1.88,1.26,3.77,2.51,5.65,3.76.5.34,1.01.35,1.52,0,1.89-1.26,3.77-2.51,5.66-3.77.32-.21.5-.51.59-.87v-.35h0c-.03-.08-.04-.16-.07-.24-.17-.51-.63-.85-1.19-.88h-11.37c-.63,0-1.12.33-1.3.88-.03.07-.05.15-.07.23v.35s.02.03.02.05c.07.36.27.63.56.82Z\"><\/path><\/g><\/svg>\t\t\t\t\t\t<\/span>\n\t\t\t\t\t\t\t\t\t\t<span class=\"elementor-icon-list-text\">info@basal.com.tr<\/span>\n\t\t\t\t\t\t\t\t\t\t\t<\/a>\n\t\t\t\t\t\t\t\t\t<\/li>\n\t\t\t\t\t\t<\/ul>\n\t\t\t\t\t\t<\/div>\n\t\t\t\t<\/div>\n\t\t\t\t<div class=\"elementor-element elementor-element-ba55277 elementor-widget elementor-widget-heading\" data-id=\"ba55277\" data-element_type=\"widget\" data-widget_type=\"heading.default\">\n\t\t\t\t<div class=\"elementor-widget-container\">\n\t\t\t\t\t<h3 class=\"elementor-heading-title elementor-size-default\">Phone Number<\/h3>\t\t\t\t<\/div>\n\t\t\t\t<\/div>\n\t\t\t\t<div class=\"elementor-element elementor-element-21dc1cc elementor-icon-list--layout-traditional elementor-list-item-link-full_width elementor-widget elementor-widget-icon-list\" data-id=\"21dc1cc\" data-element_type=\"widget\" data-widget_type=\"icon-list.default\">\n\t\t\t\t<div class=\"elementor-widget-container\">\n\t\t\t\t\t\t\t<ul class=\"elementor-icon-list-items\">\n\t\t\t\t\t\t\t<li class=\"elementor-icon-list-item\">\n\t\t\t\t\t\t\t\t\t\t\t<a href=\"tel:+902128754545\">\n\n\t\t\t\t\t\t\t\t\t\t\t\t<span class=\"elementor-icon-list-icon\">\n\t\t\t\t\t\t\t<svg xmlns=\"http:\/\/www.w3.org\/2000\/svg\" id=\"Layer_1\" data-name=\"Layer 1\" viewBox=\"0 0 32 32\"><defs><style>      .cls-1 {        fill: #fff;      }      .cls-2 {        fill: #0083ff;      }    <\/style><\/defs><circle class=\"cls-2\" cx=\"16\" cy=\"16\" r=\"16\"><\/circle><path class=\"cls-1\" d=\"m19.56,23.01c-.29-.06-.59-.11-.88-.18-.75-.19-1.44-.52-2.11-.9-1.76-1.02-3.27-2.34-4.6-3.87-.87-.99-1.62-2.05-2.21-3.24-.36-.73-.64-1.48-.73-2.3-.06-.51-.04-1.01.2-1.48.08-.15.18-.29.3-.4.41-.42.83-.83,1.24-1.24.56-.57,1.44-.52,1.97,0,.65.63,1.28,1.26,1.91,1.91.54.56.54,1.39,0,1.9-.12.11-.27.2-.42.25-.38.15-.68.38-.85.76-.11.26-.12.52-.05.79.19.71.58,1.3,1.05,1.84.56.65,1.21,1.2,1.99,1.58.28.14.58.27.9.25.61-.03,1.04-.32,1.26-.91.1-.27.27-.49.51-.64.52-.32,1.17-.26,1.64.19.66.64,1.31,1.29,1.95,1.95.52.54.5,1.4-.03,1.94-.42.43-.84.84-1.27,1.27-.31.31-.68.43-1.08.51-.09.02-.17.03-.23.04h-.12c-.12,0-.23,0-.33-.01h0Z\"><\/path><\/svg>\t\t\t\t\t\t<\/span>\n\t\t\t\t\t\t\t\t\t\t<span class=\"elementor-icon-list-text\">+90 (212) 875 45 45<\/span>\n\t\t\t\t\t\t\t\t\t\t\t<\/a>\n\t\t\t\t\t\t\t\t\t<\/li>\n\t\t\t\t\t\t<\/ul>\n\t\t\t\t\t\t<\/div>\n\t\t\t\t<\/div>\n\t\t\t\t\t<\/div>\n\t\t<\/div>\n\t\t\t\t<div class=\"elementor-column elementor-col-50 elementor-inner-column elementor-element elementor-element-c1c8052\" data-id=\"c1c8052\" data-element_type=\"column\">\n\t\t\t<div class=\"elementor-widget-wrap elementor-element-populated\">\n\t\t\t\t\t\t<div class=\"elementor-element elementor-element-ae9ee28 elementor-widget elementor-widget-heading\" data-id=\"ae9ee28\" data-element_type=\"widget\" data-widget_type=\"heading.default\">\n\t\t\t\t<div class=\"elementor-widget-container\">\n\t\t\t\t\t<h3 class=\"elementor-heading-title elementor-size-default\">Please let us know how you would like us to reach you. Our experts will contact you as soon as possible.<\/h3>\t\t\t\t<\/div>\n\t\t\t\t<\/div>\n\t\t\t\t<div class=\"elementor-element elementor-element-c8dc43b elementor-widget elementor-widget-droit-contact_Form_7\" data-id=\"c8dc43b\" data-element_type=\"widget\" data-widget_type=\"droit-contact_Form_7.default\">\n\t\t\t\t<div class=\"elementor-widget-container\">\n\t\t\t\t\t        \r\n        <div class=\"dl_contact_form_wrapper wpcf7_default dl_cf7_form_02 dl-contact-form-7 droit-contact-form-7 droit-contact-form-c8dc43b\">\r\n            \n<div class=\"wpcf7 no-js\" id=\"wpcf7-f26749-o1\" lang=\"tr-TR\" dir=\"ltr\" data-wpcf7-id=\"26749\">\n<div class=\"screen-reader-response\"><p role=\"status\" aria-live=\"polite\" aria-atomic=\"true\"><\/p> <ul><\/ul><\/div>\n<form action=\"\/index.php?rest_route=%2Fwp%2Fv2%2Fpages%2F25859#wpcf7-f26749-o1\" method=\"post\" class=\"wpcf7-form init\" aria-label=\"\u0130leti\u015fim Formu\" novalidate=\"novalidate\" data-status=\"init\">\n<div style=\"display: none;\">\n<input type=\"hidden\" name=\"_wpcf7\" value=\"26749\" \/>\n<input type=\"hidden\" name=\"_wpcf7_version\" value=\"6.0.3\" \/>\n<input type=\"hidden\" name=\"_wpcf7_locale\" value=\"tr_TR\" \/>\n<input type=\"hidden\" name=\"_wpcf7_unit_tag\" value=\"wpcf7-f26749-o1\" \/>\n<input type=\"hidden\" name=\"_wpcf7_container_post\" value=\"0\" \/>\n<input type=\"hidden\" name=\"_wpcf7_posted_data_hash\" value=\"\" \/>\n<\/div>\n<p><label> Name Surname<br \/>\n<span class=\"wpcf7-form-control-wrap\" data-name=\"your-name\"><input size=\"40\" maxlength=\"400\" class=\"wpcf7-form-control wpcf7-text wpcf7-validates-as-required\" autocomplete=\"name\" aria-required=\"true\" aria-invalid=\"false\" value=\"\" type=\"text\" name=\"your-name\" \/><\/span> <\/label>\n<\/p>\n<p><label> Email<br \/>\n<span class=\"wpcf7-form-control-wrap\" data-name=\"your-email\"><input size=\"40\" maxlength=\"400\" class=\"wpcf7-form-control wpcf7-email wpcf7-validates-as-required wpcf7-text wpcf7-validates-as-email\" autocomplete=\"email\" aria-required=\"true\" aria-invalid=\"false\" value=\"\" type=\"email\" name=\"your-email\" \/><\/span> <\/label>\n<\/p>\n<p><label> Subject<br \/>\n<span class=\"wpcf7-form-control-wrap\" data-name=\"your-subject\"><input size=\"40\" maxlength=\"400\" class=\"wpcf7-form-control wpcf7-text wpcf7-validates-as-required\" aria-required=\"true\" aria-invalid=\"false\" value=\"\" type=\"text\" name=\"your-subject\" \/><\/span> <\/label>\n<\/p>\n<p><label> Your message (optional)<br \/>\n<span class=\"wpcf7-form-control-wrap\" data-name=\"your-message\"><textarea cols=\"40\" rows=\"10\" maxlength=\"2000\" class=\"wpcf7-form-control wpcf7-textarea\" aria-invalid=\"false\" name=\"your-message\"><\/textarea><\/span> <\/label>\n<\/p>\n<p><input class=\"wpcf7-form-control wpcf7-submit has-spinner\" type=\"submit\" value=\"Send\" \/>\n<\/p><div class=\"wpcf7-response-output\" aria-hidden=\"true\"><\/div>\n<\/form>\n<\/div>\n        <\/div>\r\n       \r\n      \t\t\t\t<\/div>\n\t\t\t\t<\/div>\n\t\t\t\t\t<\/div>\n\t\t<\/div>\n\t\t\t\t\t<\/div>\n\t\t<\/section>\n\t\t\t\t\t<\/div>\n\t\t<\/div>\n\t\t\t\t\t<\/div>\n\t\t<\/section>\n\t\t\t\t<section class=\"elementor-section elementor-top-section elementor-element elementor-element-b008d61 elementor-section-full_width elementor-section-height-default elementor-section-height-default\" data-id=\"b008d61\" data-element_type=\"section\">\n\t\t\t\t\t\t<div class=\"elementor-container elementor-column-gap-no\">\n\t\t\t\t\t<div class=\"elementor-column elementor-col-100 elementor-top-column elementor-element elementor-element-dc58561\" data-id=\"dc58561\" data-element_type=\"column\">\n\t\t\t<div class=\"elementor-widget-wrap elementor-element-populated\">\n\t\t\t\t\t\t<div class=\"elementor-element elementor-element-2ba9608 elementor-widget elementor-widget-shortcode\" data-id=\"2ba9608\" data-element_type=\"widget\" data-widget_type=\"shortcode.default\">\n\t\t\t\t<div class=\"elementor-widget-container\">\n\t\t\t\t\t\t\t<div class=\"elementor-shortcode\"><iframe width=\"600\" height=\"500\" id=\"gmap_canvas\" src=\"https:\/\/www.google.com\/maps\/embed?pb=!1m18!1m12!1m3!1d3007.7480062939003!2d28.61986747726293!3d41.07450061534259!2m3!1f0!2f0!3f0!3m2!1i1024!2i768!4f13.1!3m3!1m2!1s0x14b5591f10a998f3%3A0x49fd92efca8f3935!2sDemir%20La%20Vida!5e0!3m2!1str!2str!4v1681386962340!5m2!1str!2str\"><\/iframe><\/div>\n\t\t\t\t\t\t<\/div>\n\t\t\t\t<\/div>\n\t\t\t\t\t<\/div>\n\t\t<\/div>\n\t\t\t\t\t<\/div>\n\t\t<\/section>\n\t\t\t\t<\/div>\n\t\t","protected":false},"excerpt":{"rendered":"<p>Contact Contact Us Adress Alkent 2000 Mah. Hadimkoy Yolu Cad. Demir Lavida Evleri B Blok No:149\/1B B\u00fcy\u00fck\u00e7ekme\u00e7e\/\u0130STANBUL Mail info@technicalcover.com info@basal.com.tr Phone Number +90 (212) 875 45 45 Please let us know how you would like us to reach you. Our experts will contact you as soon as possible. Name Surname Email Subject Your message (optional)<\/p>\n","protected":false},"author":1,"featured_media":0,"parent":0,"menu_order":0,"comment_status":"closed","ping_status":"closed","template":"elementor_header_footer","meta":{"_acf_changed":false,"_monsterinsights_skip_tracking":false,"_monsterinsights_sitenote_active":false,"_monsterinsights_sitenote_note":"","_monsterinsights_sitenote_category":0,"footnotes":""},"class_list":["post-25859","page","type-page","status-publish","hentry"],"acf":[],"aioseo_notices":[],"_links":{"self":[{"href":"https:\/\/technicalcover.com\/index.php?rest_route=\/wp\/v2\/pages\/25859","targetHints":{"allow":["GET"]}}],"collection":[{"href":"https:\/\/technicalcover.com\/index.php?rest_route=\/wp\/v2\/pages"}],"about":[{"href":"https:\/\/technicalcover.com\/index.php?rest_route=\/wp\/v2\/types\/page"}],"author":[{"embeddable":true,"href":"https:\/\/technicalcover.com\/index.php?rest_route=\/wp\/v2\/users\/1"}],"replies":[{"embeddable":true,"href":"https:\/\/technicalcover.com\/index.php?rest_route=%2Fwp%2Fv2%2Fcomments&post=25859"}],"version-history":[{"count":25,"href":"https:\/\/technicalcover.com\/index.php?rest_route=\/wp\/v2\/pages\/25859\/revisions"}],"predecessor-version":[{"id":26752,"href":"https:\/\/technicalcover.com\/index.php?rest_route=\/wp\/v2\/pages\/25859\/revisions\/26752"}],"wp:attachment":[{"href":"https:\/\/technicalcover.com\/index.php?rest_route=%2Fwp%2Fv2%2Fmedia&parent=25859"}],"curies":[{"name":"wp","href":"https:\/\/api.w.org\/{rel}","templated":true}]}}